{"id":2,"date":"2018-01-23T21:08:28","date_gmt":"2018-01-23T21:08:28","guid":{"rendered":"http:\/\/lecoledelamusique.be\/?page_id=2"},"modified":"2023-10-02T17:39:00","modified_gmt":"2023-10-02T15:39:00","slug":"sample-page","status":"publish","type":"page","link":"https:\/\/www.lecoledelamusique.be\/?page_id=2","title":{"rendered":"P\u00e9dagogie"},"content":{"rendered":"\n<div class=\"wp-block-columns is-layout-flex wp-container-2 wp-block-columns-is-layout-flex\">\n<div class=\"wp-block-column is-layout-flow wp-block-column-is-layout-flow\"><\/div>\n<\/div>\n\n\n\n<p>Fond\u00e9e par Monique Dekeyser et actuellement sous la direction de Jeremy Janssens, compositeur, ancien \u00e9l\u00e8ve de Robert Reda\u00eblli (Piano) et d\u2019Annette Vande Gorne (Composition) et dipl\u00f4m\u00e9 du Conservatoire Royal de Mons.<\/p>\n\n\n\n<p>L\u2019\u00e9quipe p\u00e9dagogique se compose actuellement de 14 professeurs, toutes disciplines confondues. <\/p>\n\n\n\n<p>Les objectifs de cette \u00e9quipe tr\u00e8s soud\u00e9e, tr\u00e8s complice, tr\u00e8s enthousiaste et tr\u00e8s passionn\u00e9e sont <\/p>\n\n\n\n<div class=\"wp-block-columns is-layout-flex wp-container-4 wp-block-columns-is-layout-flex\">\n<div class=\"wp-block-column is-layout-flow wp-block-column-is-layout-flow\"><\/div>\n<\/div>\n\n\n\n<ul>\n<li>De permettre aux \u00e9l\u00e8ves d\u2019acqu\u00e9rir une connaissance approfondie de l\u2019instrument qu\u2019ils ont choisi et de leur apprendre le solf\u00e8ge sous forme de jeu et uniquement en rapport avec l\u2019instrument qu\u2019ils pratiquent,<\/li>\n\n\n\n<li>De leur donner les moyens d\u2019exprimer et de g\u00e9rer leurs \u00e9motions dans une structure souple mais exigeante, en restant constamment \u00e0 leur \u00e9coute,<\/li>\n\n\n\n<li>De leur faire d\u00e9couvrir le plaisir de jouer d\u2019un instrument seul ou \u00e0 plusieurs,<\/li>\n\n\n\n<li>De d\u00e9velopper leur intelligence artistique, leur cr\u00e9ativit\u00e9 en leur apprenant le sens de la musique.<\/li>\n<\/ul>\n\n\n\n<div class=\"wp-block-columns is-layout-flex wp-container-6 wp-block-columns-is-layout-flex\">\n<div class=\"wp-block-column is-layout-flow wp-block-column-is-layout-flow\"><\/div>\n<\/div>\n\n\n\n<figure class=\"wp-block-image size-full\"><img decoding=\"async\" loading=\"lazy\" width=\"631\" height=\"423\" src=\"http:\/\/lecoledelamusique.be\/wp-content\/uploads\/2021\/08\/pho.jpeg\" alt=\"\" class=\"wp-image-247\" srcset=\"https:\/\/www.lecoledelamusique.be\/wp-content\/uploads\/2021\/08\/pho.jpeg 631w, https:\/\/www.lecoledelamusique.be\/wp-content\/uploads\/2021\/08\/pho-300x201.jpeg 300w\" sizes=\"(max-width: 631px) 100vw, 631px\" \/><\/figure>\n\n\n\n<div class=\"wp-block-columns is-layout-flex wp-container-8 wp-block-columns-is-layout-flex\">\n<div class=\"wp-block-column is-layout-flow wp-block-column-is-layout-flow\"><\/div>\n<\/div>\n\n\n\n<div class=\"wp-block-columns is-layout-flex wp-container-10 wp-block-columns-is-layout-flex\">\n<div class=\"wp-block-column is-layout-flow wp-block-column-is-layout-flow\" style=\"flex-basis:100%\">\n<h2 class=\"wp-block-heading\">L\u2019\u00e9cole de la musique ose la diff\u00e9rence !<\/h2>\n<\/div>\n<\/div>\n\n\n\n<div class=\"wp-block-columns is-layout-flex wp-container-12 wp-block-columns-is-layout-flex\">\n<div class=\"wp-block-column is-layout-flow wp-block-column-is-layout-flow\"><\/div>\n<\/div>\n\n\n\n<p> <\/p>\n\n\n\n<ul>\n<li>En s\u2019engageant dans une d\u00e9marche d\u2019inclusion, L\u2019\u00e9cole de la Musique ose la diff\u00e9rence,<\/li>\n\n\n\n<li>En collaboration avec Adeline Leriche (\u00e9ducatrice sp\u00e9cialis\u00e9e en musicoth\u00e9rapie) des ateliers adapt\u00e9s d\u2019\u00e9veil musical ainsi que des cours de piano vous sont propos\u00e9s,<\/li>\n\n\n\n<li>Accessible aux enfants, adolescents et adultes rencontrant des troubles de l\u2019apprentissage, des troubles du comportement et\/ou en situation de handicap,<\/li>\n\n\n\n<li>Il s\u2019agit d\u2019une v\u00e9ritable rencontre musicale qui a pour but de rendre accessible l\u2019apprentissage de la musique dans un espace rassurant, gr\u00e2ce \u00e0 une p\u00e9dagogie individualis\u00e9e et sp\u00e9cialis\u00e9e,<\/li>\n\n\n\n<li>Nous esp\u00e9rons que cette section deviendra pour les participants un lieu d\u2019expression, d\u2019\u00e9panouissement et de prise de confiance en soi et aux autres,<\/li>\n\n\n\n<li>Au travers de nos projets, nous souhaitons v\u00e9hiculer un message de tol\u00e9rance et d\u2019espoir et nous aspirons \u00e0 une collaboration avec d\u2019autres partenaires culturels et sociaux dans le but de faire \u00e9voluer notre projet.<\/li>\n<\/ul>\n","protected":false},"excerpt":{"rendered":"<p>Fond\u00e9e par Monique Dekeyser et actuellement sous la direction de Jeremy Janssens, compositeur, ancien \u00e9l\u00e8ve de Robert Reda\u00eblli (Piano) et d\u2019Annette Vande Gorne (Composition) et dipl\u00f4m\u00e9 du Conservatoire Royal de Mons. L\u2019\u00e9quipe p\u00e9dagogique se compose actuellement de 14 professeurs, toutes disciplines confondues. Les objectifs de&nbsp;<a class=\"read-more\" href=\"https:\/\/www.lecoledelamusique.be\/?page_id=2\">&hellip;<\/a><\/p>\n","protected":false},"author":1,"featured_media":0,"parent":0,"menu_order":0,"comment_status":"closed","ping_status":"closed","template":"","meta":{"footnotes":""},"_links":{"self":[{"href":"https:\/\/www.lecoledelamusique.be\/index.php?rest_route=\/wp\/v2\/pages\/2"}],"collection":[{"href":"https:\/\/www.lecoledelamusique.be\/index.php?rest_route=\/wp\/v2\/pages"}],"about":[{"href":"https:\/\/www.lecoledelamusique.be\/index.php?rest_route=\/wp\/v2\/types\/page"}],"author":[{"embeddable":true,"href":"https:\/\/www.lecoledelamusique.be\/index.php?rest_route=\/wp\/v2\/users\/1"}],"replies":[{"embeddable":true,"href":"https:\/\/www.lecoledelamusique.be\/index.php?rest_route=%2Fwp%2Fv2%2Fcomments&post=2"}],"version-history":[{"count":5,"href":"https:\/\/www.lecoledelamusique.be\/index.php?rest_route=\/wp\/v2\/pages\/2\/revisions"}],"predecessor-version":[{"id":468,"href":"https:\/\/www.lecoledelamusique.be\/index.php?rest_route=\/wp\/v2\/pages\/2\/revisions\/468"}],"wp:attachment":[{"href":"https:\/\/www.lecoledelamusique.be\/index.php?rest_route=%2Fwp%2Fv2%2Fmedia&parent=2"}],"curies":[{"name":"wp","href":"https:\/\/api.w.org\/{rel}","templated":true}]}}