{"id":38,"date":"2018-01-29T13:31:32","date_gmt":"2018-01-29T12:31:32","guid":{"rendered":"http:\/\/lecoledelamusique.be\/?page_id=38"},"modified":"2023-10-02T18:20:36","modified_gmt":"2023-10-02T16:20:36","slug":"la-charte-ethique","status":"publish","type":"page","link":"https:\/\/www.lecoledelamusique.be\/?page_id=38","title":{"rendered":"Conditions g\u00e9n\u00e9rales d&rsquo;inscriptions"},"content":{"rendered":"\n<figure class=\"wp-block-image size-full\"><img decoding=\"async\" loading=\"lazy\" width=\"851\" height=\"315\" src=\"https:\/\/www.lecoledelamusique.be\/wp-content\/uploads\/2021\/08\/1898090_696144047102892_674608240_n.jpg\" alt=\"\" class=\"wp-image-256\" srcset=\"https:\/\/www.lecoledelamusique.be\/wp-content\/uploads\/2021\/08\/1898090_696144047102892_674608240_n.jpg 851w, https:\/\/www.lecoledelamusique.be\/wp-content\/uploads\/2021\/08\/1898090_696144047102892_674608240_n-300x111.jpg 300w, https:\/\/www.lecoledelamusique.be\/wp-content\/uploads\/2021\/08\/1898090_696144047102892_674608240_n-768x284.jpg 768w\" sizes=\"(max-width: 851px) 100vw, 851px\" \/><\/figure>\n\n\n\n<div class=\"wp-block-columns is-layout-flex wp-container-2 wp-block-columns-is-layout-flex\">\n<div class=\"wp-block-column is-layout-flow wp-block-column-is-layout-flow\"><\/div>\n<\/div>\n\n\n\n<p><br>Le minerval est la somme \u00e0 payer pour les cours choisis jusqu&rsquo;\u00e0 la fin du semestre, selon le calendrier officiel de l&rsquo;\u00e9cole (calendrier Wallon des cong\u00e9s scolaires). Le tarif des p\u00e9riodes est applicable pour les cours suivis de septembre \u00e0 janvier inclus et de f\u00e9vrier \u00e0 juin inclus. <\/p>\n\n\n\n<p>Une inscription effectu\u00e9e en cours d&rsquo;ann\u00e9e est ajust\u00e9 en fonction du nombre de cours restants jusqu&rsquo;\u00e0 la fin de p\u00e9riode. <\/p>\n\n\n\n<p>Avant de s&rsquo;engager pour une p\u00e9riode, il est possible pour un nouvel \u00e9l\u00e8ve de suivre un cours d&rsquo;essai.<\/p>\n\n\n\n<p>En cas d&#8217;emp\u00eachement (maladie, accident, concerts, spectacles, etc.), l&rsquo;enseignant absent sera soit remplac\u00e9 soit, le cours sera report\u00e9 \u00e0 une date ult\u00e9rieure. <\/p>\n\n\n\n<p>Le nombre maximum de cours de rattrapage par \u00e9tudiant est de 2 par semestre. Ces rattrapages sont propos\u00e9s uniquement pour les cours individuels, les cours collectifs ne peuvent jamais en faire l&rsquo;objet.  Le rattrapage ne peut \u00eatre effectu\u00e9 qu&rsquo;\u00e0 un moment convenant \u00e0 l&rsquo;enseignant. Si les propositions de remplacement ne sont pas accept\u00e9es par l&rsquo;\u00e9l\u00e8ve, le cours pourra \u00eatre consid\u00e9r\u00e9 comme perdu. Les absences doivent \u00eatre motiv\u00e9e par t\u00e9l\u00e9phone au professeur 48 h \u00e0 l&rsquo;avance. <\/p>\n\n\n\n<p>Les \u00e9l\u00e8ves dont les paiements ne sont pas \u00e0 jour pourraient se voir refuser l&rsquo;acc\u00e8s aux cours.<\/p>\n\n\n\n<p>L&rsquo;\u00e9cole ne peut en aucun cas \u00eatre tenue responsable de la perte d&rsquo;objets personnels. <\/p>\n\n\n\n<p>Les photos ou vid\u00e9os prises par ou sur commande de l&rsquo;asbl lors des cours, stages, spectacles ou autres \u00e9v\u00e9nements impliquant l&rsquo;\u00e9cole peuvent \u00eatre utilis\u00e9es exclusivement \u00e0 des fins de communication li\u00e9es \u00e0 l&rsquo;\u00e9cole. Elles ne seront en aucun cas c\u00e9d\u00e9es \u00e0 des tiers. Les \u00e9l\u00e8ves (et leurs parents pour les mineurs) donnent leur consentement \u00e0 l&rsquo;inscription. <\/p>\n\n\n\n<p>Toute opposition doit \u00eatre communiqu\u00e9e par mail \u00e0 la direction. <\/p>\n\n\n\n<p>Nous ne disposons pas d\u2019assurance \u00ab individuelle accident \u00bb.<\/p>\n\n\n\n<p>Les donn\u00e9es relatives aux inscriptions sont conserv\u00e9es dans un fichier informatique. Conform\u00e9ment \u00e0 la loi, chaque individu a le droit de modifier ou de supprimer les informations le concernant sans justification. L&rsquo;\u00e9cole ne peut utiliser ces informations que dans le cadre de sa gestion directe ou indirecte.<\/p>\n\n\n\n<p>L&rsquo;inscription implique une acceptation totale et sans r\u00e9serve de ces conditions.<\/p>\n","protected":false},"excerpt":{"rendered":"<p>Le minerval est la somme \u00e0 payer pour les cours choisis jusqu&rsquo;\u00e0 la fin du semestre, selon le calendrier officiel de l&rsquo;\u00e9cole (calendrier Wallon des cong\u00e9s scolaires). Le tarif des p\u00e9riodes est applicable pour les cours suivis de septembre \u00e0 janvier inclus et de f\u00e9vrier&nbsp;<a class=\"read-more\" href=\"https:\/\/www.lecoledelamusique.be\/?page_id=38\">&hellip;<\/a><\/p>\n","protected":false},"author":1,"featured_media":0,"parent":0,"menu_order":0,"comment_status":"closed","ping_status":"closed","template":"","meta":{"footnotes":""},"_links":{"self":[{"href":"https:\/\/www.lecoledelamusique.be\/index.php?rest_route=\/wp\/v2\/pages\/38"}],"collection":[{"href":"https:\/\/www.lecoledelamusique.be\/index.php?rest_route=\/wp\/v2\/pages"}],"about":[{"href":"https:\/\/www.lecoledelamusique.be\/index.php?rest_route=\/wp\/v2\/types\/page"}],"author":[{"embeddable":true,"href":"https:\/\/www.lecoledelamusique.be\/index.php?rest_route=\/wp\/v2\/users\/1"}],"replies":[{"embeddable":true,"href":"https:\/\/www.lecoledelamusique.be\/index.php?rest_route=%2Fwp%2Fv2%2Fcomments&post=38"}],"version-history":[{"count":5,"href":"https:\/\/www.lecoledelamusique.be\/index.php?rest_route=\/wp\/v2\/pages\/38\/revisions"}],"predecessor-version":[{"id":475,"href":"https:\/\/www.lecoledelamusique.be\/index.php?rest_route=\/wp\/v2\/pages\/38\/revisions\/475"}],"wp:attachment":[{"href":"https:\/\/www.lecoledelamusique.be\/index.php?rest_route=%2Fwp%2Fv2%2Fmedia&parent=38"}],"curies":[{"name":"wp","href":"https:\/\/api.w.org\/{rel}","templated":true}]}}